{"id":6,"date":"2020-10-11T21:41:22","date_gmt":"2020-10-11T19:41:22","guid":{"rendered":"http:\/\/thegoodpark.com\/?page_id=6"},"modified":"2020-10-25T14:36:16","modified_gmt":"2020-10-25T13:36:16","slug":"notre-concept","status":"publish","type":"page","link":"https:\/\/thegoodpark.com\/index.php\/notre-concept\/","title":{"rendered":"Notre concept"},"content":{"rendered":"\n<p>Notre concept est de mettre en relation des propri\u00e9taires de places de parking avec des utilisateurs qui en recherchent \u00e0 court, moyen ou long terme.<\/p>\n\n\n\n<p>Les propri\u00e9taires re\u00e7oivent un compl\u00e9ment de revenu et les utilisateurs trouvent des places de parking bon march\u00e9. <\/p>\n","protected":false},"excerpt":{"rendered":"<p>Notre concept est de mettre en relation des propri\u00e9taires de places de parking avec des utilisateurs qui en recherchent \u00e0 court, moyen ou long terme. Les propri\u00e9taires re\u00e7oivent un compl\u00e9ment de revenu et les utilisateurs trouvent des places de parking bon march\u00e9.<\/p>\n","protected":false},"author":1,"featured_media":0,"parent":0,"menu_order":0,"comment_status":"closed","ping_status":"closed","template":"","meta":{"spay_email":""},"_links":{"self":[{"href":"https:\/\/thegoodpark.com\/index.php\/wp-json\/wp\/v2\/pages\/6"}],"collection":[{"href":"https:\/\/thegoodpark.com\/index.php\/wp-json\/wp\/v2\/pages"}],"about":[{"href":"https:\/\/thegoodpark.com\/index.php\/wp-json\/wp\/v2\/types\/page"}],"author":[{"embeddable":true,"href":"https:\/\/thegoodpark.com\/index.php\/wp-json\/wp\/v2\/users\/1"}],"replies":[{"embeddable":true,"href":"https:\/\/thegoodpark.com\/index.php\/wp-json\/wp\/v2\/comments?post=6"}],"version-history":[{"count":1,"href":"https:\/\/thegoodpark.com\/index.php\/wp-json\/wp\/v2\/pages\/6\/revisions"}],"predecessor-version":[{"id":7,"href":"https:\/\/thegoodpark.com\/index.php\/wp-json\/wp\/v2\/pages\/6\/revisions\/7"}],"wp:attachment":[{"href":"https:\/\/thegoodpark.com\/index.php\/wp-json\/wp\/v2\/media?parent=6"}],"curies":[{"name":"wp","href":"https:\/\/api.w.org\/{rel}","templated":true}]}}